{"id":2082,"date":"2019-09-26T13:08:03","date_gmt":"2019-09-26T11:08:03","guid":{"rendered":"https:\/\/www.arunya-verlag.de\/?page_id=2082"},"modified":"2019-09-26T13:29:32","modified_gmt":"2019-09-26T11:29:32","slug":"o-r-i-o-n-space-opera","status":"publish","type":"page","link":"https:\/\/www.arunya-verlag.de\/?page_id=2082","title":{"rendered":"O.R.I.O.N. Space Opera"},"content":{"rendered":"<p><img loading=\"lazy\" decoding=\"async\" class=\"alignleft size-medium wp-image-2093\" src=\"https:\/\/www.arunya-verlag.de\/wp-content\/uploads\/2019\/09\/Logoorionnordconwei\u00df-300x153.jpg\" alt=\"\" width=\"300\" height=\"153\" srcset=\"https:\/\/www.arunya-verlag.de\/wp-content\/uploads\/2019\/09\/Logoorionnordconwei\u00df-300x153.jpg 300w, https:\/\/www.arunya-verlag.de\/wp-content\/uploads\/2019\/09\/Logoorionnordconwei\u00df.jpg 400w\" sizes=\"(max-width: 300px) 100vw, 300px\" \/>Die von Alisha Bionda und Guido Krain herausgegebene Serie &#8220;O.R.I.O.N. Space Opera&#8221; steht &#8211; wie der Name vermuten l\u00e4sst &#8211; in der Tradition der gro\u00dfen Space Operas. Wir erz\u00e4hlen moderne, temporeiche Science Fiction f\u00fcr bibliophile Leser.<br \/>\nNicht immer politisch korrekt, manchmal sehr d\u00fcster, abgr\u00fcndig und philosophisch, zuweilen erotisch und oft am\u00fcsant. Nur Langeweile haben wir nicht zu bieten.<\/p>\n\t\t\t<style>\r\n                #foogallery-gallery-2081.fg-simple_portfolio {\r\n                    justify-content: center;\r\n                }\r\n                #foogallery-gallery-2081.fg-simple_portfolio .fg-item {\r\n                    flex-basis: 125px;\r\n                    margin: 10px;\r\n                }\r\n\t\t\t<\/style>\r\n\t\t\t<div class=\"foogallery foogallery-container foogallery-simple_portfolio foogallery-lightbox-none fg-simple_portfolio fg-light fg-border-thin fg-shadow-outline fg-loading-default fg-loaded-fade-in fg-caption-always fg-hover-fade fg-hover-zoom fg-ready fg-caption-always\" id=\"foogallery-gallery-2081\" data-foogallery=\"{&quot;item&quot;:{&quot;showCaptionTitle&quot;:true,&quot;showCaptionDescription&quot;:true},&quot;lazy&quot;:true}\" >\r\n\t<div class=\"fg-item fg-type-iframe fg-idle\"><figure class=\"fg-item-inner\"><a href=\"https:\/\/www.arunya-verlag.de\/?book=funken-der-unendlichkeit\" data-attachment-id=\"1899\" class=\"foogallery-thumb  fg-thumb\" data-type=\"iframe\"><span class=\"fg-image-wrap\"><img decoding=\"async\" class=\"bf-img skip-lazy fg-image\" height=\"196\" width=\"125\" data-src-fg=\"https:\/\/www.arunya-verlag.de\/wp-content\/uploads\/cache\/2019\/09\/orion1\/3361340591.jpg\" src=\"data:image\/svg+xml,%3Csvg%20xmlns%3D%22http%3A%2F%2Fwww.w3.org%2F2000%2Fsvg%22%20width%3D%22125%22%20height%3D%22196%22%20viewBox%3D%220%200%20125%20196%22%3E%3C%2Fsvg%3E\" loading=\"eager\"><\/span><span class=\"fg-image-overlay\"><\/span><\/a><figcaption class=\"fg-caption\"><div class=\"fg-caption-inner\"><\/div><\/figcaption><\/figure><div class=\"fg-loader\"><\/div><\/div><div class=\"fg-item fg-type-iframe fg-idle\"><figure class=\"fg-item-inner\"><a href=\"https:\/\/www.arunya-verlag.de\/?book=der-brennende-rabe\" data-attachment-id=\"1900\" class=\"foogallery-thumb  fg-thumb\" data-type=\"iframe\"><span class=\"fg-image-wrap\"><img decoding=\"async\" class=\"bf-img skip-lazy fg-image\" height=\"196\" width=\"125\" data-src-fg=\"https:\/\/www.arunya-verlag.de\/wp-content\/uploads\/cache\/2019\/09\/orion2\/3382253366.jpg\" src=\"data:image\/svg+xml,%3Csvg%20xmlns%3D%22http%3A%2F%2Fwww.w3.org%2F2000%2Fsvg%22%20width%3D%22125%22%20height%3D%22196%22%20viewBox%3D%220%200%20125%20196%22%3E%3C%2Fsvg%3E\" loading=\"eager\"><\/span><span class=\"fg-image-overlay\"><\/span><\/a><figcaption class=\"fg-caption\"><div class=\"fg-caption-inner\"><\/div><\/figcaption><\/figure><div class=\"fg-loader\"><\/div><\/div><div class=\"fg-item fg-type-iframe fg-idle\"><figure class=\"fg-item-inner\"><a href=\"https:\/\/www.arunya-verlag.de\/?book=das-herz-des-kriegers\" data-attachment-id=\"1901\" class=\"foogallery-thumb  fg-thumb\" data-type=\"iframe\"><span class=\"fg-image-wrap\"><img decoding=\"async\" class=\"bf-img skip-lazy fg-image\" height=\"196\" width=\"125\" data-src-fg=\"https:\/\/www.arunya-verlag.de\/wp-content\/uploads\/cache\/2019\/09\/orion3\/3353857819.jpg\" src=\"data:image\/svg+xml,%3Csvg%20xmlns%3D%22http%3A%2F%2Fwww.w3.org%2F2000%2Fsvg%22%20width%3D%22125%22%20height%3D%22196%22%20viewBox%3D%220%200%20125%20196%22%3E%3C%2Fsvg%3E\" loading=\"eager\"><\/span><span class=\"fg-image-overlay\"><\/span><\/a><figcaption class=\"fg-caption\"><div class=\"fg-caption-inner\"><\/div><\/figcaption><\/figure><div class=\"fg-loader\"><\/div><\/div><div class=\"fg-item fg-type-iframe fg-idle\"><figure class=\"fg-item-inner\"><a href=\"https:\/\/www.arunya-verlag.de\/?book=sterbende-sonne\" data-attachment-id=\"1902\" class=\"foogallery-thumb  fg-thumb\" data-type=\"iframe\"><span class=\"fg-image-wrap\"><img decoding=\"async\" class=\"bf-img skip-lazy fg-image\" height=\"196\" width=\"125\" data-src-fg=\"https:\/\/www.arunya-verlag.de\/wp-content\/uploads\/cache\/2019\/09\/orion4\/1362012566.jpg\" src=\"data:image\/svg+xml,%3Csvg%20xmlns%3D%22http%3A%2F%2Fwww.w3.org%2F2000%2Fsvg%22%20width%3D%22125%22%20height%3D%22196%22%20viewBox%3D%220%200%20125%20196%22%3E%3C%2Fsvg%3E\" loading=\"eager\"><\/span><span class=\"fg-image-overlay\"><\/span><\/a><figcaption class=\"fg-caption\"><div class=\"fg-caption-inner\"><\/div><\/figcaption><\/figure><div class=\"fg-loader\"><\/div><\/div><div class=\"fg-item fg-type-iframe fg-idle\"><figure class=\"fg-item-inner\"><a href=\"https:\/\/www.arunya-verlag.de\/?book=schwarzauges-schergen\" data-attachment-id=\"1903\" class=\"foogallery-thumb  fg-thumb\" data-type=\"iframe\"><span class=\"fg-image-wrap\"><img decoding=\"async\" class=\"bf-img skip-lazy fg-image\" height=\"196\" width=\"125\" data-src-fg=\"https:\/\/www.arunya-verlag.de\/wp-content\/uploads\/cache\/2019\/09\/orion5\/1599107515.jpg\" src=\"data:image\/svg+xml,%3Csvg%20xmlns%3D%22http%3A%2F%2Fwww.w3.org%2F2000%2Fsvg%22%20width%3D%22125%22%20height%3D%22196%22%20viewBox%3D%220%200%20125%20196%22%3E%3C%2Fsvg%3E\" loading=\"eager\"><\/span><span class=\"fg-image-overlay\"><\/span><\/a><figcaption class=\"fg-caption\"><div class=\"fg-caption-inner\"><\/div><\/figcaption><\/figure><div class=\"fg-loader\"><\/div><\/div><div class=\"fg-item fg-type-iframe fg-idle\"><figure class=\"fg-item-inner\"><a href=\"https:\/\/www.arunya-verlag.de\/?book=himmelfahrt\" data-attachment-id=\"1904\" class=\"foogallery-thumb  fg-thumb\" data-type=\"iframe\"><span class=\"fg-image-wrap\"><img decoding=\"async\" class=\"bf-img skip-lazy fg-image\" height=\"196\" width=\"125\" data-src-fg=\"https:\/\/www.arunya-verlag.de\/wp-content\/uploads\/cache\/2019\/09\/orion6\/4032984962.jpg\" src=\"data:image\/svg+xml,%3Csvg%20xmlns%3D%22http%3A%2F%2Fwww.w3.org%2F2000%2Fsvg%22%20width%3D%22125%22%20height%3D%22196%22%20viewBox%3D%220%200%20125%20196%22%3E%3C%2Fsvg%3E\" loading=\"eager\"><\/span><span class=\"fg-image-overlay\"><\/span><\/a><figcaption class=\"fg-caption\"><div class=\"fg-caption-inner\"><\/div><\/figcaption><\/figure><div class=\"fg-loader\"><\/div><\/div><div class=\"fg-item fg-type-iframe fg-idle\"><figure class=\"fg-item-inner\"><a href=\"https:\/\/www.arunya-verlag.de\/?book=friedhof-der-assassine\" data-attachment-id=\"1905\" class=\"foogallery-thumb  fg-thumb\" data-type=\"iframe\"><span class=\"fg-image-wrap\"><img decoding=\"async\" class=\"bf-img skip-lazy fg-image\" height=\"196\" width=\"125\" data-src-fg=\"https:\/\/www.arunya-verlag.de\/wp-content\/uploads\/cache\/2019\/09\/orion7\/4263292847.jpg\" src=\"data:image\/svg+xml,%3Csvg%20xmlns%3D%22http%3A%2F%2Fwww.w3.org%2F2000%2Fsvg%22%20width%3D%22125%22%20height%3D%22196%22%20viewBox%3D%220%200%20125%20196%22%3E%3C%2Fsvg%3E\" loading=\"eager\"><\/span><span class=\"fg-image-overlay\"><\/span><\/a><figcaption class=\"fg-caption\"><div class=\"fg-caption-inner\"><\/div><\/figcaption><\/figure><div class=\"fg-loader\"><\/div><\/div><div class=\"fg-item fg-type-iframe fg-idle\"><figure class=\"fg-item-inner\"><a href=\"https:\/\/www.arunya-verlag.de\/?book=abstieg-nach-valhalla\" data-attachment-id=\"1906\" class=\"foogallery-thumb  fg-thumb\" data-type=\"iframe\"><span class=\"fg-image-wrap\"><img decoding=\"async\" class=\"bf-img skip-lazy fg-image\" height=\"196\" width=\"125\" data-src-fg=\"https:\/\/www.arunya-verlag.de\/wp-content\/uploads\/cache\/2019\/09\/orion8\/3140539031.jpg\" src=\"data:image\/svg+xml,%3Csvg%20xmlns%3D%22http%3A%2F%2Fwww.w3.org%2F2000%2Fsvg%22%20width%3D%22125%22%20height%3D%22196%22%20viewBox%3D%220%200%20125%20196%22%3E%3C%2Fsvg%3E\" loading=\"eager\"><\/span><span class=\"fg-image-overlay\"><\/span><\/a><figcaption class=\"fg-caption\"><div class=\"fg-caption-inner\"><\/div><\/figcaption><\/figure><div class=\"fg-loader\"><\/div><\/div><div class=\"fg-item fg-type-iframe fg-idle\"><figure class=\"fg-item-inner\"><a href=\"https:\/\/www.arunya-verlag.de\/?book=goettin-der-zeit\" data-attachment-id=\"1907\" class=\"foogallery-thumb  fg-thumb\" data-type=\"iframe\"><span class=\"fg-image-wrap\"><img decoding=\"async\" class=\"bf-img skip-lazy fg-image\" height=\"196\" width=\"125\" data-src-fg=\"https:\/\/www.arunya-verlag.de\/wp-content\/uploads\/cache\/2019\/09\/orion9\/3041790650.jpg\" src=\"data:image\/svg+xml,%3Csvg%20xmlns%3D%22http%3A%2F%2Fwww.w3.org%2F2000%2Fsvg%22%20width%3D%22125%22%20height%3D%22196%22%20viewBox%3D%220%200%20125%20196%22%3E%3C%2Fsvg%3E\" loading=\"eager\"><\/span><span class=\"fg-image-overlay\"><\/span><\/a><figcaption class=\"fg-caption\"><div class=\"fg-caption-inner\"><\/div><\/figcaption><\/figure><div class=\"fg-loader\"><\/div><\/div><div class=\"fg-item fg-type-iframe fg-idle\"><figure class=\"fg-item-inner\"><a href=\"https:\/\/www.arunya-verlag.de\/?book=ingenium\" data-attachment-id=\"1898\" class=\"foogallery-thumb  fg-thumb\" data-type=\"iframe\"><span class=\"fg-image-wrap\"><img decoding=\"async\" class=\"bf-img skip-lazy fg-image\" height=\"196\" width=\"125\" data-src-fg=\"https:\/\/www.arunya-verlag.de\/wp-content\/uploads\/cache\/2019\/09\/orion10\/1406807945.jpg\" src=\"data:image\/svg+xml,%3Csvg%20xmlns%3D%22http%3A%2F%2Fwww.w3.org%2F2000%2Fsvg%22%20width%3D%22125%22%20height%3D%22196%22%20viewBox%3D%220%200%20125%20196%22%3E%3C%2Fsvg%3E\" loading=\"eager\"><\/span><span class=\"fg-image-overlay\"><\/span><\/a><figcaption class=\"fg-caption\"><div class=\"fg-caption-inner\"><\/div><\/figcaption><\/figure><div class=\"fg-loader\"><\/div><\/div><\/div>\n","protected":false},"excerpt":{"rendered":"<p>Die von Alisha Bionda und Guido Krain herausgegebene Serie &#8220;O.R.I.O.N. Space Opera&#8221; steht &#8211; wie der Name vermuten l\u00e4sst &#8211; in der Tradition der gro\u00dfen Space Operas. Wir erz\u00e4hlen moderne, temporeiche Science Fiction f\u00fcr bibliophile Leser. Nicht immer politisch korrekt, manchmal sehr d\u00fcster, abgr\u00fcndig und philosophisch, zuweilen erotisch und oft am\u00fcsant. Nur Langeweile haben wir [&hellip;]<\/p>\n","protected":false},"author":1,"featured_media":0,"parent":0,"menu_order":0,"comment_status":"closed","ping_status":"closed","template":"","meta":{"footnotes":""},"_links":{"self":[{"href":"https:\/\/www.arunya-verlag.de\/index.php?rest_route=\/wp\/v2\/pages\/2082"}],"collection":[{"href":"https:\/\/www.arunya-verlag.de\/index.php?rest_route=\/wp\/v2\/pages"}],"about":[{"href":"https:\/\/www.arunya-verlag.de\/index.php?rest_route=\/wp\/v2\/types\/page"}],"author":[{"embeddable":true,"href":"https:\/\/www.arunya-verlag.de\/index.php?rest_route=\/wp\/v2\/users\/1"}],"replies":[{"embeddable":true,"href":"https:\/\/www.arunya-verlag.de\/index.php?rest_route=%2Fwp%2Fv2%2Fcomments&post=2082"}],"version-history":[{"count":2,"href":"https:\/\/www.arunya-verlag.de\/index.php?rest_route=\/wp\/v2\/pages\/2082\/revisions"}],"predecessor-version":[{"id":2094,"href":"https:\/\/www.arunya-verlag.de\/index.php?rest_route=\/wp\/v2\/pages\/2082\/revisions\/2094"}],"wp:attachment":[{"href":"https:\/\/www.arunya-verlag.de\/index.php?rest_route=%2Fwp%2Fv2%2Fmedia&parent=2082"}],"curies":[{"name":"wp","href":"https:\/\/api.w.org\/{rel}","templated":true}]}}