{"id":2130,"date":"2019-09-26T14:13:13","date_gmt":"2019-09-26T12:13:13","guid":{"rendered":"https:\/\/www.arunya-verlag.de\/?page_id=2130"},"modified":"2019-09-26T14:15:59","modified_gmt":"2019-09-26T12:15:59","slug":"elfenmond","status":"publish","type":"page","link":"https:\/\/www.arunya-verlag.de\/?page_id=2130","title":{"rendered":"Elfenmond"},"content":{"rendered":"<p><img loading=\"lazy\" decoding=\"async\" class=\"aligncenter wp-image-2132\" src=\"https:\/\/www.arunya-verlag.de\/wp-content\/uploads\/2019\/09\/elfenmond-300x136.png\" alt=\"\" width=\"250\" height=\"113\" srcset=\"https:\/\/www.arunya-verlag.de\/wp-content\/uploads\/2019\/09\/elfenmond-300x136.png 300w, https:\/\/www.arunya-verlag.de\/wp-content\/uploads\/2019\/09\/elfenmond.png 400w\" sizes=\"(max-width: 250px) 100vw, 250px\" \/>Willkommen in der Welt von Elfenmond liebe Besucher und bald s\u00fcchtige Leser. Lassen Sie uns kurz einen Sessel f\u00fcr Sie freir\u00e4umen, setzen sie sich hin und werfen Sie einen Blick in eine etwas andere Welt &#8211; die Welt von Elfenmond.<\/p>\n\t\t\t<style>\r\n                #foogallery-gallery-2129.fg-simple_portfolio {\r\n                    justify-content: center;\r\n                }\r\n                #foogallery-gallery-2129.fg-simple_portfolio .fg-item {\r\n                    flex-basis: 125px;\r\n                    margin: 10px;\r\n                }\r\n\t\t\t<\/style>\r\n\t\t\t<div class=\"foogallery foogallery-container foogallery-simple_portfolio foogallery-lightbox-none fg-simple_portfolio fg-light fg-border-thin fg-shadow-outline fg-loading-default fg-loaded-fade-in fg-caption-always fg-hover-fade fg-hover-zoom fg-ready fg-caption-always\" id=\"foogallery-gallery-2129\" data-foogallery=\"{&quot;item&quot;:{&quot;showCaptionTitle&quot;:true,&quot;showCaptionDescription&quot;:true},&quot;lazy&quot;:true}\" >\r\n\t<div class=\"fg-item fg-type-iframe fg-idle\"><figure class=\"fg-item-inner\"><a href=\"https:\/\/www.arunya-verlag.de\/?book=elfenmond\" data-attachment-id=\"1937\" class=\"foogallery-thumb  fg-thumb\" data-type=\"iframe\"><span class=\"fg-image-wrap\"><img decoding=\"async\" class=\"bf-img skip-lazy fg-image\" height=\"196\" width=\"125\" data-src-fg=\"https:\/\/www.arunya-verlag.de\/wp-content\/uploads\/cache\/2019\/09\/Elfenmond\/2166018770.jpg\" src=\"data:image\/svg+xml,%3Csvg%20xmlns%3D%22http%3A%2F%2Fwww.w3.org%2F2000%2Fsvg%22%20width%3D%22125%22%20height%3D%22196%22%20viewBox%3D%220%200%20125%20196%22%3E%3C%2Fsvg%3E\" loading=\"eager\"><\/span><span class=\"fg-image-overlay\"><\/span><\/a><figcaption class=\"fg-caption\"><div class=\"fg-caption-inner\"><\/div><\/figcaption><\/figure><div class=\"fg-loader\"><\/div><\/div><div class=\"fg-item fg-type-iframe fg-idle\"><figure class=\"fg-item-inner\"><a href=\"https:\/\/www.arunya-verlag.de\/?book=cvon\" data-attachment-id=\"1940\" class=\"foogallery-thumb  fg-thumb\" data-type=\"iframe\"><span class=\"fg-image-wrap\"><img decoding=\"async\" class=\"bf-img skip-lazy fg-image\" height=\"196\" width=\"125\" data-src-fg=\"https:\/\/www.arunya-verlag.de\/wp-content\/uploads\/cache\/2019\/09\/phantastisches-13\/2217131835.jpg\" src=\"data:image\/svg+xml,%3Csvg%20xmlns%3D%22http%3A%2F%2Fwww.w3.org%2F2000%2Fsvg%22%20width%3D%22125%22%20height%3D%22196%22%20viewBox%3D%220%200%20125%20196%22%3E%3C%2Fsvg%3E\" loading=\"eager\"><\/span><span class=\"fg-image-overlay\"><\/span><\/a><figcaption class=\"fg-caption\"><div class=\"fg-caption-inner\"><\/div><\/figcaption><\/figure><div class=\"fg-loader\"><\/div><\/div><div class=\"fg-item fg-type-iframe fg-idle\"><figure class=\"fg-item-inner\"><a href=\"https:\/\/www.arunya-verlag.de\/?book=tia-lhor\" data-attachment-id=\"1943\" class=\"foogallery-thumb  fg-thumb\" data-type=\"iframe\"><span class=\"fg-image-wrap\"><img decoding=\"async\" class=\"bf-img skip-lazy fg-image\" height=\"196\" width=\"125\" data-src-fg=\"https:\/\/www.arunya-verlag.de\/wp-content\/uploads\/cache\/2019\/09\/phantastisches-14\/1507473827.jpg\" src=\"data:image\/svg+xml,%3Csvg%20xmlns%3D%22http%3A%2F%2Fwww.w3.org%2F2000%2Fsvg%22%20width%3D%22125%22%20height%3D%22196%22%20viewBox%3D%220%200%20125%20196%22%3E%3C%2Fsvg%3E\" loading=\"eager\"><\/span><span class=\"fg-image-overlay\"><\/span><\/a><figcaption class=\"fg-caption\"><div class=\"fg-caption-inner\"><\/div><\/figcaption><\/figure><div class=\"fg-loader\"><\/div><\/div><\/div>\n","protected":false},"excerpt":{"rendered":"<p>Willkommen in der Welt von Elfenmond liebe Besucher und bald s\u00fcchtige Leser. Lassen Sie uns kurz einen Sessel f\u00fcr Sie freir\u00e4umen, setzen sie sich hin und werfen Sie einen Blick in eine etwas andere Welt &#8211; die Welt von Elfenmond.<\/p>\n","protected":false},"author":1,"featured_media":0,"parent":0,"menu_order":0,"comment_status":"closed","ping_status":"closed","template":"","meta":{"footnotes":""},"_links":{"self":[{"href":"https:\/\/www.arunya-verlag.de\/index.php?rest_route=\/wp\/v2\/pages\/2130"}],"collection":[{"href":"https:\/\/www.arunya-verlag.de\/index.php?rest_route=\/wp\/v2\/pages"}],"about":[{"href":"https:\/\/www.arunya-verlag.de\/index.php?rest_route=\/wp\/v2\/types\/page"}],"author":[{"embeddable":true,"href":"https:\/\/www.arunya-verlag.de\/index.php?rest_route=\/wp\/v2\/users\/1"}],"replies":[{"embeddable":true,"href":"https:\/\/www.arunya-verlag.de\/index.php?rest_route=%2Fwp%2Fv2%2Fcomments&post=2130"}],"version-history":[{"count":5,"href":"https:\/\/www.arunya-verlag.de\/index.php?rest_route=\/wp\/v2\/pages\/2130\/revisions"}],"predecessor-version":[{"id":2137,"href":"https:\/\/www.arunya-verlag.de\/index.php?rest_route=\/wp\/v2\/pages\/2130\/revisions\/2137"}],"wp:attachment":[{"href":"https:\/\/www.arunya-verlag.de\/index.php?rest_route=%2Fwp%2Fv2%2Fmedia&parent=2130"}],"curies":[{"name":"wp","href":"https:\/\/api.w.org\/{rel}","templated":true}]}}