{"id":2145,"date":"2019-09-26T14:27:25","date_gmt":"2019-09-26T12:27:25","guid":{"rendered":"https:\/\/www.arunya-verlag.de\/?page_id=2145"},"modified":"2019-09-26T14:27:25","modified_gmt":"2019-09-26T12:27:25","slug":"spookyarn","status":"publish","type":"page","link":"https:\/\/www.arunya-verlag.de\/?page_id=2145","title":{"rendered":"SpookYarn"},"content":{"rendered":"<p><img loading=\"lazy\" decoding=\"async\" class=\"alignleft size-full wp-image-2146\" src=\"https:\/\/www.arunya-verlag.de\/wp-content\/uploads\/2019\/09\/SY2a.jpg\" alt=\"\" width=\"250\" height=\"164\" \/>In der Reihe SpookYarn wird in Novellen und Kurzromanen unheimliches Garn &#8220;gesponnen&#8221;.<br \/>\nGeschichten, die der Wind fl\u00fcstert, die hinter vorgehaltener Hand oder am Lagerfeuer erz\u00e4hlt werden, die G\u00e4nsehaut und sanften Grusel bescheren.<br \/>\nSpookYarn erscheint als kunstvoll illustrierte eBooks zu einem leserfreundlichen Preis.<\/p>\n\t\t\t<style>\r\n                #foogallery-gallery-2144.fg-simple_portfolio {\r\n                    justify-content: center;\r\n                }\r\n                #foogallery-gallery-2144.fg-simple_portfolio .fg-item {\r\n                    flex-basis: 125px;\r\n                    margin: 10px;\r\n                }\r\n\t\t\t<\/style>\r\n\t\t\t<div class=\"foogallery foogallery-container foogallery-simple_portfolio foogallery-lightbox-none fg-simple_portfolio fg-light fg-border-thin fg-shadow-outline fg-loading-default fg-loaded-fade-in fg-caption-always fg-hover-fade fg-hover-zoom fg-ready fg-caption-always\" id=\"foogallery-gallery-2144\" data-foogallery=\"{&quot;item&quot;:{&quot;showCaptionTitle&quot;:true,&quot;showCaptionDescription&quot;:true},&quot;lazy&quot;:true}\" >\r\n\t<div class=\"fg-item fg-type-iframe fg-idle\"><figure class=\"fg-item-inner\"><a href=\"https:\/\/www.arunya-verlag.de\/?book=dr-bellwinkels-puppenhaus\" data-attachment-id=\"1407\" class=\"foogallery-thumb  fg-thumb\" data-type=\"iframe\"><span class=\"fg-image-wrap\"><img decoding=\"async\" class=\"bf-img skip-lazy fg-image\" height=\"196\" width=\"125\" data-src-fg=\"https:\/\/www.arunya-verlag.de\/wp-content\/uploads\/cache\/2017\/10\/sy1\/2824728916.jpg\" src=\"data:image\/svg+xml,%3Csvg%20xmlns%3D%22http%3A%2F%2Fwww.w3.org%2F2000%2Fsvg%22%20width%3D%22125%22%20height%3D%22196%22%20viewBox%3D%220%200%20125%20196%22%3E%3C%2Fsvg%3E\" loading=\"eager\"><\/span><span class=\"fg-image-overlay\"><\/span><\/a><figcaption class=\"fg-caption\"><div class=\"fg-caption-inner\"><\/div><\/figcaption><\/figure><div class=\"fg-loader\"><\/div><\/div><div class=\"fg-item fg-type-iframe fg-idle\"><figure class=\"fg-item-inner\"><a href=\"https:\/\/www.arunya-verlag.de\/?book=die-gewundene-treppe\" data-attachment-id=\"1988\" class=\"foogallery-thumb  fg-thumb\" data-type=\"iframe\"><span class=\"fg-image-wrap\"><img decoding=\"async\" class=\"bf-img skip-lazy fg-image\" height=\"196\" width=\"125\" data-src-fg=\"https:\/\/www.arunya-verlag.de\/wp-content\/uploads\/cache\/2019\/09\/sy2\/3468600946.jpg\" src=\"data:image\/svg+xml,%3Csvg%20xmlns%3D%22http%3A%2F%2Fwww.w3.org%2F2000%2Fsvg%22%20width%3D%22125%22%20height%3D%22196%22%20viewBox%3D%220%200%20125%20196%22%3E%3C%2Fsvg%3E\" loading=\"eager\"><\/span><span class=\"fg-image-overlay\"><\/span><\/a><figcaption class=\"fg-caption\"><div class=\"fg-caption-inner\"><\/div><\/figcaption><\/figure><div class=\"fg-loader\"><\/div><\/div><div class=\"fg-item fg-type-iframe fg-idle\"><figure class=\"fg-item-inner\"><a href=\"https:\/\/www.arunya-verlag.de\/?book=schattenspiele\" data-attachment-id=\"1991\" class=\"foogallery-thumb  fg-thumb\" data-type=\"iframe\"><span class=\"fg-image-wrap\"><img decoding=\"async\" class=\"bf-img skip-lazy fg-image\" height=\"196\" width=\"125\" data-src-fg=\"https:\/\/www.arunya-verlag.de\/wp-content\/uploads\/cache\/2019\/09\/sy3\/1291369686.jpg\" src=\"data:image\/svg+xml,%3Csvg%20xmlns%3D%22http%3A%2F%2Fwww.w3.org%2F2000%2Fsvg%22%20width%3D%22125%22%20height%3D%22196%22%20viewBox%3D%220%200%20125%20196%22%3E%3C%2Fsvg%3E\" loading=\"eager\"><\/span><span class=\"fg-image-overlay\"><\/span><\/a><figcaption class=\"fg-caption\"><div class=\"fg-caption-inner\"><\/div><\/figcaption><\/figure><div class=\"fg-loader\"><\/div><\/div><div class=\"fg-item fg-type-iframe fg-idle\"><figure class=\"fg-item-inner\"><a href=\"https:\/\/www.arunya-verlag.de\/?book=schlechtes-karma\" data-attachment-id=\"2280\" class=\"foogallery-thumb  fg-thumb\" data-type=\"iframe\"><span class=\"fg-image-wrap\"><img decoding=\"async\" class=\"bf-img skip-lazy fg-image\" height=\"196\" width=\"125\" data-src-fg=\"https:\/\/www.arunya-verlag.de\/wp-content\/uploads\/cache\/2020\/05\/CoverSY4\/2111432967.jpg\" src=\"data:image\/svg+xml,%3Csvg%20xmlns%3D%22http%3A%2F%2Fwww.w3.org%2F2000%2Fsvg%22%20width%3D%22125%22%20height%3D%22196%22%20viewBox%3D%220%200%20125%20196%22%3E%3C%2Fsvg%3E\" loading=\"eager\"><\/span><span class=\"fg-image-overlay\"><\/span><\/a><figcaption class=\"fg-caption\"><div class=\"fg-caption-inner\"><\/div><\/figcaption><\/figure><div class=\"fg-loader\"><\/div><\/div><div class=\"fg-item fg-type-iframe fg-idle\"><figure class=\"fg-item-inner\"><a href=\"https:\/\/www.arunya-verlag.de\/?book=der-schrecken-von-badley-creek\" data-attachment-id=\"2472\" class=\"foogallery-thumb  fg-thumb\" data-type=\"iframe\"><span class=\"fg-image-wrap\"><img decoding=\"async\" class=\"bf-img skip-lazy fg-image\" height=\"196\" width=\"125\" data-src-fg=\"https:\/\/www.arunya-verlag.de\/wp-content\/uploads\/cache\/2021\/02\/SY5a\/358665136.jpg\" src=\"data:image\/svg+xml,%3Csvg%20xmlns%3D%22http%3A%2F%2Fwww.w3.org%2F2000%2Fsvg%22%20width%3D%22125%22%20height%3D%22196%22%20viewBox%3D%220%200%20125%20196%22%3E%3C%2Fsvg%3E\" loading=\"eager\"><\/span><span class=\"fg-image-overlay\"><\/span><\/a><figcaption class=\"fg-caption\"><div class=\"fg-caption-inner\"><\/div><\/figcaption><\/figure><div class=\"fg-loader\"><\/div><\/div><div class=\"fg-item fg-type-iframe fg-idle\"><figure class=\"fg-item-inner\"><a href=\"https:\/\/www.arunya-verlag.de\/?book=tattoo\" data-attachment-id=\"2485\" class=\"foogallery-thumb  fg-thumb\" data-type=\"iframe\"><span class=\"fg-image-wrap\"><img decoding=\"async\" class=\"bf-img skip-lazy fg-image\" height=\"196\" width=\"125\" data-src-fg=\"https:\/\/www.arunya-verlag.de\/wp-content\/uploads\/cache\/2021\/08\/SY6a\/1163674763.jpg\" src=\"data:image\/svg+xml,%3Csvg%20xmlns%3D%22http%3A%2F%2Fwww.w3.org%2F2000%2Fsvg%22%20width%3D%22125%22%20height%3D%22196%22%20viewBox%3D%220%200%20125%20196%22%3E%3C%2Fsvg%3E\" loading=\"eager\"><\/span><span class=\"fg-image-overlay\"><\/span><\/a><figcaption class=\"fg-caption\"><div class=\"fg-caption-inner\"><\/div><\/figcaption><\/figure><div class=\"fg-loader\"><\/div><\/div><div class=\"fg-item fg-type-iframe fg-idle\"><figure class=\"fg-item-inner\"><a href=\"https:\/\/www.arunya-verlag.de\/?book=wach-auf&amp;preview=true\" data-attachment-id=\"2510\" class=\"foogallery-thumb https:\/\/www.arunya-verlag.de\/?book=wach-auf&amp;preview=true fg-thumb\" data-type=\"iframe\"><span class=\"fg-image-wrap\"><img decoding=\"async\" class=\"bf-img skip-lazy fg-image\" height=\"196\" width=\"125\" data-src-fg=\"https:\/\/www.arunya-verlag.de\/wp-content\/uploads\/cache\/2019\/09\/SY7\/1257844483.jpg\" src=\"data:image\/svg+xml,%3Csvg%20xmlns%3D%22http%3A%2F%2Fwww.w3.org%2F2000%2Fsvg%22%20width%3D%22125%22%20height%3D%22196%22%20viewBox%3D%220%200%20125%20196%22%3E%3C%2Fsvg%3E\" loading=\"eager\"><\/span><span class=\"fg-image-overlay\"><\/span><\/a><figcaption class=\"fg-caption\"><div class=\"fg-caption-inner\"><\/div><\/figcaption><\/figure><div class=\"fg-loader\"><\/div><\/div><\/div>\n","protected":false},"excerpt":{"rendered":"<p>In der Reihe SpookYarn wird in Novellen und Kurzromanen unheimliches Garn &#8220;gesponnen&#8221;. Geschichten, die der Wind fl\u00fcstert, die hinter vorgehaltener Hand oder am Lagerfeuer erz\u00e4hlt werden, die G\u00e4nsehaut und sanften Grusel bescheren. SpookYarn erscheint als kunstvoll illustrierte eBooks zu einem leserfreundlichen Preis.<\/p>\n","protected":false},"author":1,"featured_media":0,"parent":0,"menu_order":0,"comment_status":"closed","ping_status":"closed","template":"","meta":{"footnotes":""},"_links":{"self":[{"href":"https:\/\/www.arunya-verlag.de\/index.php?rest_route=\/wp\/v2\/pages\/2145"}],"collection":[{"href":"https:\/\/www.arunya-verlag.de\/index.php?rest_route=\/wp\/v2\/pages"}],"about":[{"href":"https:\/\/www.arunya-verlag.de\/index.php?rest_route=\/wp\/v2\/types\/page"}],"author":[{"embeddable":true,"href":"https:\/\/www.arunya-verlag.de\/index.php?rest_route=\/wp\/v2\/users\/1"}],"replies":[{"embeddable":true,"href":"https:\/\/www.arunya-verlag.de\/index.php?rest_route=%2Fwp%2Fv2%2Fcomments&post=2145"}],"version-history":[{"count":1,"href":"https:\/\/www.arunya-verlag.de\/index.php?rest_route=\/wp\/v2\/pages\/2145\/revisions"}],"predecessor-version":[{"id":2147,"href":"https:\/\/www.arunya-verlag.de\/index.php?rest_route=\/wp\/v2\/pages\/2145\/revisions\/2147"}],"wp:attachment":[{"href":"https:\/\/www.arunya-verlag.de\/index.php?rest_route=%2Fwp%2Fv2%2Fmedia&parent=2145"}],"curies":[{"name":"wp","href":"https:\/\/api.w.org\/{rel}","templated":true}]}}