{"id":1264,"date":"2017-04-25T19:07:58","date_gmt":"2017-04-25T17:07:58","guid":{"rendered":"http:\/\/www.arunya-verlag.de\/?post_type=product&#038;p=1264"},"modified":"2020-07-01T16:05:09","modified_gmt":"2020-07-01T14:05:09","slug":"die-augen-des-panthers","status":"publish","type":"product","link":"https:\/\/www.arunya-verlag.de\/?product=die-augen-des-panthers","title":{"rendered":"Die Augen des Panthers"},"content":{"rendered":"<div id=\"tab_description\" class=\"ui-tabs-panel ui-widget-content ui-corner-bottom\">\n<p>Roman &#8211; Mystery-Thriller<\/p>\n<p class=\"white\"><strong>Hardcover <\/strong>ca. 254 Seiten &#8211; Farbig illustriert<br \/>\nISBN: 978-3-95810-015-2<br \/>\nCover- und Innengrafiken Shikomo<\/p>\n<p class=\"white\">Klappentext:<\/p>\n<p>Es gibt schreckliche Bilder, die man nie wieder aus dem Kopf bekommt. Was aber kann so schrecklich sein, dass jemand ein uraltes Gem\u00e4lde mit gr\u00fcnem Lack \u00fcbersch\u00fcttet, das Kunstwerk mitsamt Goldrahmen in den besten Tresor seiner Zeit legt, diesen zuschwei\u00dft und dann im Fundament seines Hauses einbetoniert? \u00dcber ein Jahrhundert sp\u00e4ter stellt sich die Hamburger Kunstszene die gleiche Frage. Der geheimnisvolle Kellerfund wird zum Lebensinhalt von Lea, einer ebenso gefragten wie sch\u00fcchternen Restauratorin, die das uralte Gem\u00e4lde mit unendlicher Geduld von der gr\u00fcnen Schicht befreit. Sie st\u00f6\u00dft auf ein uraltes Geheimnis, das ihr Leben f\u00fcr immer ver\u00e4ndern und vielleicht sogar beenden wird.<\/p>\n<\/div>\n","protected":false},"excerpt":{"rendered":"<p>Roman &#8211; Mystery-Thriller Hardcover ca. 254 Seiten &#8211; Farbig illustriert ISBN: 978-3-95810-015-2 Cover- und Innengrafiken Shikomo Klappentext: Es gibt schreckliche Bilder, die man nie wieder aus dem Kopf bekommt. Was aber kann so schrecklich sein, dass jemand ein uraltes Gem\u00e4lde mit gr\u00fcnem Lack \u00fcbersch\u00fcttet, das Kunstwerk mitsamt Goldrahmen in den besten Tresor seiner Zeit legt, [&hellip;]<\/p>\n","protected":false},"featured_media":1075,"comment_status":"open","ping_status":"closed","template":"","meta":[],"product_cat":[49,44],"product_tag":[],"_links":{"self":[{"href":"https:\/\/www.arunya-verlag.de\/index.php?rest_route=\/wp\/v2\/product\/1264"}],"collection":[{"href":"https:\/\/www.arunya-verlag.de\/index.php?rest_route=\/wp\/v2\/product"}],"about":[{"href":"https:\/\/www.arunya-verlag.de\/index.php?rest_route=\/wp\/v2\/types\/product"}],"replies":[{"embeddable":true,"href":"https:\/\/www.arunya-verlag.de\/index.php?rest_route=%2Fwp%2Fv2%2Fcomments&post=1264"}],"wp:featuredmedia":[{"embeddable":true,"href":"https:\/\/www.arunya-verlag.de\/index.php?rest_route=\/wp\/v2\/media\/1075"}],"wp:attachment":[{"href":"https:\/\/www.arunya-verlag.de\/index.php?rest_route=%2Fwp%2Fv2%2Fmedia&parent=1264"}],"wp:term":[{"taxonomy":"product_cat","embeddable":true,"href":"https:\/\/www.arunya-verlag.de\/index.php?rest_route=%2Fwp%2Fv2%2Fproduct_cat&post=1264"},{"taxonomy":"product_tag","embeddable":true,"href":"https:\/\/www.arunya-verlag.de\/index.php?rest_route=%2Fwp%2Fv2%2Fproduct_tag&post=1264"}],"curies":[{"name":"wp","href":"https:\/\/api.w.org\/{rel}","templated":true}]}}