{"id":1473,"date":"2018-03-08T17:07:16","date_gmt":"2018-03-08T15:07:16","guid":{"rendered":"https:\/\/www.arunya-verlag.de\/?post_type=product&#038;p=1473"},"modified":"2020-07-01T16:04:05","modified_gmt":"2020-07-01T14:04:05","slug":"hammer-soeckchen","status":"publish","type":"product","link":"https:\/\/www.arunya-verlag.de\/?product=hammer-soeckchen","title":{"rendered":"Hammer &#038; S\u00f6ckchen"},"content":{"rendered":"<p>von Guido Krain<\/p>\n<p>Reihe Dystonia Band 1<br \/>\nRoman &#8211; Science Fiction<br \/>\nPrint 154 Seiten &#8211; 6,95 EUR<br \/>\nISBN: 978-3-95810-019-0<br \/>\neBook 3,99 EUR<br \/>\nCover- und Innengrafiken: Shikomo<br \/>\nCoverartwork: Shikomo<\/p>\n<p><strong>Herr Hammer mag keine Weltunterg\u00e4nge<\/strong><\/p>\n<p>Sharp ist nicht der Typ, der sich vor seinen Sorgen im Bett verkriecht \u2013 glaubt er zumindest. Leider kann er diese Einsch\u00e4tzung nicht \u00fcberpr\u00fcfen, weil er sich buchst\u00e4blich an \u00fcberhaupt nichts erinnert und in einem leeren Aquarium erwacht. Dass sein Name \u201eSharp\u201c lautet, kann er nur aus einem Zettel schlie\u00dfen, den jemand an sein Ohr getackert hat. Er hat aber auch keine Zeit, den Gedanken n\u00e4her zu erforschen, weil dem Weltuntergang offenbar gerade auffiel, dass er jemanden \u00fcbersehen hat.<\/p>\n","protected":false},"excerpt":{"rendered":"<p><strong>Herr Hammer mag keine Weltunterg\u00e4nge<\/strong><\/p>\n","protected":false},"featured_media":1532,"comment_status":"open","ping_status":"closed","template":"","meta":[],"product_cat":[42,43],"product_tag":[],"_links":{"self":[{"href":"https:\/\/www.arunya-verlag.de\/index.php?rest_route=\/wp\/v2\/product\/1473"}],"collection":[{"href":"https:\/\/www.arunya-verlag.de\/index.php?rest_route=\/wp\/v2\/product"}],"about":[{"href":"https:\/\/www.arunya-verlag.de\/index.php?rest_route=\/wp\/v2\/types\/product"}],"replies":[{"embeddable":true,"href":"https:\/\/www.arunya-verlag.de\/index.php?rest_route=%2Fwp%2Fv2%2Fcomments&post=1473"}],"wp:featuredmedia":[{"embeddable":true,"href":"https:\/\/www.arunya-verlag.de\/index.php?rest_route=\/wp\/v2\/media\/1532"}],"wp:attachment":[{"href":"https:\/\/www.arunya-verlag.de\/index.php?rest_route=%2Fwp%2Fv2%2Fmedia&parent=1473"}],"wp:term":[{"taxonomy":"product_cat","embeddable":true,"href":"https:\/\/www.arunya-verlag.de\/index.php?rest_route=%2Fwp%2Fv2%2Fproduct_cat&post=1473"},{"taxonomy":"product_tag","embeddable":true,"href":"https:\/\/www.arunya-verlag.de\/index.php?rest_route=%2Fwp%2Fv2%2Fproduct_tag&post=1473"}],"curies":[{"name":"wp","href":"https:\/\/api.w.org\/{rel}","templated":true}]}}