{"id":1476,"date":"2018-03-08T17:25:29","date_gmt":"2018-03-08T15:25:29","guid":{"rendered":"https:\/\/www.arunya-verlag.de\/?post_type=product&#038;p=1476"},"modified":"2018-09-06T12:18:17","modified_gmt":"2018-09-06T10:18:17","slug":"der-brennende-rabe","status":"publish","type":"product","link":"https:\/\/www.arunya-verlag.de\/?product=der-brennende-rabe","title":{"rendered":"Der brennende Rabe"},"content":{"rendered":"<p><strong>O.R.I.O.N. Space Opera 2<br \/>\n<\/strong><\/p>\n<p>von Guido Krain<br \/>\nRoman &#8211; Science Fiction \/ Space Opera<br \/>\nHardcover 266 Seiten<br \/>\nISBN: 978-3-95810-003-9<br \/>\nCover- und Innengrafiken: Shikomo<\/p>\n<p><em><strong>Die Erforschung des Unbekannten ist manchmal nur eine Reise ins eigene Selbst mit lebensgef\u00e4hrlichen Mitteln.<\/strong><\/em><\/p>\n<p>Kaum hat die Eos den bekannten Teil der Galaxis hinter sich gelassen, f\u00e4ngt sie ein \u00fcber 200 Jahre altes Notsignal auf. Der Hilferuf ist offensichtlich menschlich. Doch stammt er aus einer Zeit, in der die Menschheit noch Jahrhunderte gebraucht h\u00e4tte, um die Abgr\u00fcnde zwischen den Sternen zu \u00fcberwinden. Der Ursprung des Signals liegt aber in einer Ecke der Milchstra\u00dfe, die noch heute v\u00f6llig unbekannt ist. Welcher Forscher k\u00f6nnte einer solchen Herausforderung widerstehen?<br \/>\nWas die Eos am Ende dieser Reise finden wird, h\u00e4tte sich wohl kein Mitglied der bunt zusammengesetzten Besatzung um Captain Cody Callahan vorstellen k\u00f6nnen.<\/p>\n","protected":false},"excerpt":{"rendered":"<p>O.R.I.O.N. Space Opera 2 von Guido Krain Roman &#8211; Science Fiction \/ Space Opera Hardcover 266 Seiten ISBN: 978-3-95810-003-9 Cover- und Innengrafiken: Shikomo Die Erforschung des Unbekannten ist manchmal nur eine Reise ins eigene Selbst mit lebensgef\u00e4hrlichen Mitteln. Kaum hat die Eos den bekannten Teil der Galaxis hinter sich gelassen, f\u00e4ngt sie ein \u00fcber 200 [&hellip;]<\/p>\n","protected":false},"featured_media":924,"comment_status":"open","ping_status":"closed","template":"","meta":[],"product_cat":[34,43],"product_tag":[],"_links":{"self":[{"href":"https:\/\/www.arunya-verlag.de\/index.php?rest_route=\/wp\/v2\/product\/1476"}],"collection":[{"href":"https:\/\/www.arunya-verlag.de\/index.php?rest_route=\/wp\/v2\/product"}],"about":[{"href":"https:\/\/www.arunya-verlag.de\/index.php?rest_route=\/wp\/v2\/types\/product"}],"replies":[{"embeddable":true,"href":"https:\/\/www.arunya-verlag.de\/index.php?rest_route=%2Fwp%2Fv2%2Fcomments&post=1476"}],"wp:featuredmedia":[{"embeddable":true,"href":"https:\/\/www.arunya-verlag.de\/index.php?rest_route=\/wp\/v2\/media\/924"}],"wp:attachment":[{"href":"https:\/\/www.arunya-verlag.de\/index.php?rest_route=%2Fwp%2Fv2%2Fmedia&parent=1476"}],"wp:term":[{"taxonomy":"product_cat","embeddable":true,"href":"https:\/\/www.arunya-verlag.de\/index.php?rest_route=%2Fwp%2Fv2%2Fproduct_cat&post=1476"},{"taxonomy":"product_tag","embeddable":true,"href":"https:\/\/www.arunya-verlag.de\/index.php?rest_route=%2Fwp%2Fv2%2Fproduct_tag&post=1476"}],"curies":[{"name":"wp","href":"https:\/\/api.w.org\/{rel}","templated":true}]}}