{"id":1478,"date":"2018-03-08T17:31:58","date_gmt":"2018-03-08T15:31:58","guid":{"rendered":"https:\/\/www.arunya-verlag.de\/?post_type=product&#038;p=1478"},"modified":"2018-09-06T12:19:38","modified_gmt":"2018-09-06T10:19:38","slug":"das-herz-des-kriegers","status":"publish","type":"product","link":"https:\/\/www.arunya-verlag.de\/?product=das-herz-des-kriegers","title":{"rendered":"Das Herz des Kriegers"},"content":{"rendered":"<p><strong>O.R.I.O.N. Space Opera 3<br \/>\n<\/strong><\/p>\n<p>von Guido Krain<br \/>\nRoman &#8211; Science Fiction \/ Space Opera<br \/>\nHardcover ca. 270 Seiten<br \/>\nISBN: 978-3-95810-004-6<br \/>\nCover- und Innengrafiken Shikomo<\/p>\n<p><em><strong>Die Erkenntnis, dass es nicht mehr schlimmer kommen kann, macht das Schicksal zuweilen erfinderisch.<\/strong><\/em><\/p>\n<p>Auch f\u00fcr eine erfahrene Besatzung ist es ein Abenteuer, mit seinem Raumschiff hunderte von Lichtjahren von Zuhause entfernt festzusitzen. Richtig unerfreulich wird es erst, wenn nicht nur jeder Kontakt nach Hause unm\u00f6glich ist, sondern auch jeder Rettungsversuch nur zu einem weiteren festsitzenden Raumschiff f\u00fchren w\u00fcrde. Der Gipfel ist jedoch erreicht, wenn die einzig m\u00f6gliche Hilfe von einem Todfeind kommen k\u00f6nnte, der Menschen als Haustiere h\u00e4lt und gegen den man wenige Tage zuvor noch um sein Leben k\u00e4mpfen musste.<br \/>\nF\u00fcr einen alten Krieger wird die Reise jedoch zu mehr als nur einem Abenteuer. F\u00fcr ihn wird sie zu einer Irrfahrt in die Tiefen der eigenen Seele.<\/p>\n","protected":false},"excerpt":{"rendered":"<p>O.R.I.O.N. Space Opera 3 von Guido Krain Roman &#8211; Science Fiction \/ Space Opera Hardcover ca. 270 Seiten ISBN: 978-3-95810-004-6 Cover- und Innengrafiken Shikomo Die Erkenntnis, dass es nicht mehr schlimmer kommen kann, macht das Schicksal zuweilen erfinderisch. Auch f\u00fcr eine erfahrene Besatzung ist es ein Abenteuer, mit seinem Raumschiff hunderte von Lichtjahren von Zuhause [&hellip;]<\/p>\n","protected":false},"featured_media":986,"comment_status":"open","ping_status":"closed","template":"","meta":[],"product_cat":[34,43],"product_tag":[],"_links":{"self":[{"href":"https:\/\/www.arunya-verlag.de\/index.php?rest_route=\/wp\/v2\/product\/1478"}],"collection":[{"href":"https:\/\/www.arunya-verlag.de\/index.php?rest_route=\/wp\/v2\/product"}],"about":[{"href":"https:\/\/www.arunya-verlag.de\/index.php?rest_route=\/wp\/v2\/types\/product"}],"replies":[{"embeddable":true,"href":"https:\/\/www.arunya-verlag.de\/index.php?rest_route=%2Fwp%2Fv2%2Fcomments&post=1478"}],"wp:featuredmedia":[{"embeddable":true,"href":"https:\/\/www.arunya-verlag.de\/index.php?rest_route=\/wp\/v2\/media\/986"}],"wp:attachment":[{"href":"https:\/\/www.arunya-verlag.de\/index.php?rest_route=%2Fwp%2Fv2%2Fmedia&parent=1478"}],"wp:term":[{"taxonomy":"product_cat","embeddable":true,"href":"https:\/\/www.arunya-verlag.de\/index.php?rest_route=%2Fwp%2Fv2%2Fproduct_cat&post=1478"},{"taxonomy":"product_tag","embeddable":true,"href":"https:\/\/www.arunya-verlag.de\/index.php?rest_route=%2Fwp%2Fv2%2Fproduct_tag&post=1478"}],"curies":[{"name":"wp","href":"https:\/\/api.w.org\/{rel}","templated":true}]}}