{"id":1483,"date":"2018-03-08T17:42:34","date_gmt":"2018-03-08T15:42:34","guid":{"rendered":"https:\/\/www.arunya-verlag.de\/?post_type=product&#038;p=1483"},"modified":"2018-04-30T18:43:20","modified_gmt":"2018-04-30T16:43:20","slug":"dark-poems","status":"publish","type":"product","link":"https:\/\/www.arunya-verlag.de\/?product=dark-poems","title":{"rendered":"Dark Poems"},"content":{"rendered":"<p><em><strong>Dunkle Phantasien im edlen Gewand<\/strong><\/em><\/p>\n<p>Hrsg. Alisha Bionda<br \/>\nAnthologie -D\u00fcstere Phantastik<br \/>\nHardcover &#8211; 244 Seiten<br \/>\nISBN: 978-3-95810-021-3<br \/>\nCover- und Innengrafiken: Mark Freier<br \/>\nCoverartwork: Mark Freier<\/p>\n<p style=\"text-align: right;\"><em>Mark Freier entbl\u00f6\u00dft sich in seinen Bildern als vollbl\u00fctiger Romantiker alter Schule: Auch in zeitgem\u00e4\u00dfer Optik atmen seine d\u00fcsteren Tableaus den Geist des klassischen Schauers, die Sehnsucht nach wohliger Finsternis. Unter der Kosmetik modernen Handwerkszeugs steckt ein Illustrator des 19. Jahrhunderts, keiner, der nur bebildert, sondern einer, der erz\u00e4hlt.<\/em><br \/>\nKai Meyer<\/p>\n<p>\u00a0Tobias Bachmann, Barbara B\u00fcchner, Frank G. Gerigk, Faye Hell, Florian Hilleberg, J\u00f6rg Kleudgen, Markus K. Korb, Guido Krain, David Seinsche und Vincent Voss verfassten, inspiriert von den Werken des K\u00fcnstlers, d\u00fcster-phantastische Geschichten. Aber auch Mark Freier lie\u00df es sich nicht nehmen, eine seiner Grafiken mit einem Text zu veredeln.<\/p>\n<p>Alisha Bionda, die schon \u00fcber ein Jahrzehnt mit dem K\u00fcnstler zusammenarbeitet, hat alles zu einem bibliophilen Gespinst zusammengefasst.<\/p>\n","protected":false},"excerpt":{"rendered":"<p>Dunkle Phantasien im edlen Gewand Hrsg. Alisha Bionda Anthologie -D\u00fcstere Phantastik Hardcover &#8211; 244 Seiten ISBN: 978-3-95810-021-3 Cover- und Innengrafiken: Mark Freier Coverartwork: Mark Freier Mark Freier entbl\u00f6\u00dft sich in seinen Bildern als vollbl\u00fctiger Romantiker alter Schule: Auch in zeitgem\u00e4\u00dfer Optik atmen seine d\u00fcsteren Tableaus den Geist des klassischen Schauers, die Sehnsucht nach wohliger Finsternis. [&hellip;]<\/p>\n","protected":false},"featured_media":1359,"comment_status":"open","ping_status":"closed","template":"","meta":[],"product_cat":[44],"product_tag":[],"_links":{"self":[{"href":"https:\/\/www.arunya-verlag.de\/index.php?rest_route=\/wp\/v2\/product\/1483"}],"collection":[{"href":"https:\/\/www.arunya-verlag.de\/index.php?rest_route=\/wp\/v2\/product"}],"about":[{"href":"https:\/\/www.arunya-verlag.de\/index.php?rest_route=\/wp\/v2\/types\/product"}],"replies":[{"embeddable":true,"href":"https:\/\/www.arunya-verlag.de\/index.php?rest_route=%2Fwp%2Fv2%2Fcomments&post=1483"}],"wp:featuredmedia":[{"embeddable":true,"href":"https:\/\/www.arunya-verlag.de\/index.php?rest_route=\/wp\/v2\/media\/1359"}],"wp:attachment":[{"href":"https:\/\/www.arunya-verlag.de\/index.php?rest_route=%2Fwp%2Fv2%2Fmedia&parent=1483"}],"wp:term":[{"taxonomy":"product_cat","embeddable":true,"href":"https:\/\/www.arunya-verlag.de\/index.php?rest_route=%2Fwp%2Fv2%2Fproduct_cat&post=1483"},{"taxonomy":"product_tag","embeddable":true,"href":"https:\/\/www.arunya-verlag.de\/index.php?rest_route=%2Fwp%2Fv2%2Fproduct_tag&post=1483"}],"curies":[{"name":"wp","href":"https:\/\/api.w.org\/{rel}","templated":true}]}}