{"id":1487,"date":"2018-03-08T17:51:50","date_gmt":"2018-03-08T15:51:50","guid":{"rendered":"https:\/\/www.arunya-verlag.de\/?post_type=product&#038;p=1487"},"modified":"2020-07-01T16:01:11","modified_gmt":"2020-07-01T14:01:11","slug":"bunte-welt","status":"publish","type":"product","link":"https:\/\/www.arunya-verlag.de\/?product=bunte-welt","title":{"rendered":"Bunte Welt"},"content":{"rendered":"<p>Hrsg. Alisha Bionda<br \/>\nAnthologie &#8211; Geschichten f\u00fcr Kinder<br \/>\nGro\u00dfformatiges Hardcover 164 Seiten<br \/>\nISBN: 978-3-95810-016-9<br \/>\nSeifenblasen-Reihe Band 1<br \/>\nCover- und Innengrafiken: Peter Wall<br \/>\nCoverartwork: Shikomo<\/p>\n<p><em><strong>Abenteuerliche Geschichten f\u00fcr Kinder im Grundschulalter. Ideal f\u00fcr die Zucht von B\u00fccherw\u00fcrmern und Leseratten.<\/strong><\/em><\/p>\n<div class=\"item-page\">\n<h4>Autoren:<\/h4>\n<p>Ladina Bordoli, Barbara B\u00fcchner, Tanya Carpenter, Jana Engels, Thomas Fitzner, Rebecca Hohlbein, Guido Krain, Lothar Nietsch, Bernd Perplies, Astrid Pfister, Sophie Oliver, Tabea Petersen, Helene Reckling, Nena Siara und Fabienne Siegmund.<\/p>\n<h4>Klappentext:<\/h4>\n<p>Die BUNTE WELT ist gro\u00df und vielf\u00e4ltig, bunt und schrill, nachdenklich und lustig, fantasievoll und m\u00e4rchenhaft. Vor allem l\u00e4sst sie sich nicht in Schubladen pressen oder begrenzen.<\/p>\n<h4>Beispiele f\u00fcr enthaltene Geschichten:<\/h4>\n<p><strong>Flumflum und die Verschw\u00f6rung der M\u00e4use<br \/>\n<\/strong><em>GUIDO KRAIN<br \/>\n<\/em>Staubm\u00e4use k\u00f6nnen sehr anh\u00e4nglich sein und sind sehr gen\u00fcgsam. Ein gem\u00fctlicher Platz unter dem Sofa, ein paar Kr\u00fcmel und Katzenhaare reichen aus, um sie gl\u00fccklich zu machen. Flumflum ist ein besonders gl\u00fcckliches Exemplar seiner Art und betrachtet sich als den besten Freund seines menschlichen Mitbewohners Bruno. Wie es aussieht, wenn sich Staubm\u00e4use f\u00fcr ihr gem\u00fctliches Zuhause bedanken, wird Bruno in dieser Geschichte am eigenen Leib erfahren \u2013 und die halbe Stadt dazu.<\/p>\n<p><strong>Kommissar Kr\u00fcmel und der Fall der verschwundenen Buchstaben<\/strong><br \/>\n<em>FABIENNE SIEGMUND<\/em><br \/>\nDie Tiere der B\u00fccherwerkstatt im Kloster am Libellengrund sind in heller Aufregung. Aus ihren kostbaren M\u00e4rchenb\u00fcchern verschwinden Buchstaben. Fl\u00e4chendeckend. Und niemand kennt eine L\u00f6sung, weder die Bibliotheksschnecken noch die B\u00fccherw\u00fcrmer, die immer zuerst verd\u00e4chtigt werden, und auch nicht Alfred, das oberste M\u00e4rchenkaninchen des Klosters. Und so betritt Kommissar Kr\u00fcmel, fuchsrotes und fuchsschlaues Kaninchen, gemeinsam mit seinen Assistenten Peterle, einem Notizigel, die geheime Werkstatt in den Klostermauern, um den Fall zu l\u00f6sen\u2026<\/p>\n<\/div>\n","protected":false},"excerpt":{"rendered":"<p>Hrsg. Alisha Bionda Anthologie &#8211; Geschichten f\u00fcr Kinder Gro\u00dfformatiges Hardcover 164 Seiten ISBN: 978-3-95810-016-9 Seifenblasen-Reihe Band 1 Cover- und Innengrafiken: Peter Wall Coverartwork: Shikomo Abenteuerliche Geschichten f\u00fcr Kinder im Grundschulalter. Ideal f\u00fcr die Zucht von B\u00fccherw\u00fcrmern und Leseratten. Autoren: Ladina Bordoli, Barbara B\u00fcchner, Tanya Carpenter, Jana Engels, Thomas Fitzner, Rebecca Hohlbein, Guido Krain, Lothar Nietsch, [&hellip;]<\/p>\n","protected":false},"featured_media":1540,"comment_status":"open","ping_status":"closed","template":"","meta":[],"product_cat":[48,46],"product_tag":[],"_links":{"self":[{"href":"https:\/\/www.arunya-verlag.de\/index.php?rest_route=\/wp\/v2\/product\/1487"}],"collection":[{"href":"https:\/\/www.arunya-verlag.de\/index.php?rest_route=\/wp\/v2\/product"}],"about":[{"href":"https:\/\/www.arunya-verlag.de\/index.php?rest_route=\/wp\/v2\/types\/product"}],"replies":[{"embeddable":true,"href":"https:\/\/www.arunya-verlag.de\/index.php?rest_route=%2Fwp%2Fv2%2Fcomments&post=1487"}],"wp:featuredmedia":[{"embeddable":true,"href":"https:\/\/www.arunya-verlag.de\/index.php?rest_route=\/wp\/v2\/media\/1540"}],"wp:attachment":[{"href":"https:\/\/www.arunya-verlag.de\/index.php?rest_route=%2Fwp%2Fv2%2Fmedia&parent=1487"}],"wp:term":[{"taxonomy":"product_cat","embeddable":true,"href":"https:\/\/www.arunya-verlag.de\/index.php?rest_route=%2Fwp%2Fv2%2Fproduct_cat&post=1487"},{"taxonomy":"product_tag","embeddable":true,"href":"https:\/\/www.arunya-verlag.de\/index.php?rest_route=%2Fwp%2Fv2%2Fproduct_tag&post=1487"}],"curies":[{"name":"wp","href":"https:\/\/api.w.org\/{rel}","templated":true}]}}