{"id":1589,"date":"2018-04-09T22:54:34","date_gmt":"2018-04-09T20:54:34","guid":{"rendered":"https:\/\/www.arunya-verlag.de\/?post_type=product&#038;p=1589"},"modified":"2022-10-06T15:27:53","modified_gmt":"2022-10-06T13:27:53","slug":"elfenmond","status":"publish","type":"product","link":"https:\/\/www.arunya-verlag.de\/?product=elfenmond","title":{"rendered":"Elfenmond"},"content":{"rendered":"<p>von Guido Krain<\/p>\n<p>Roman \u2013 Fantasy<br \/>\nPrint 544 Seiten \u2013 19,90 EUR<br \/>\nISBN: 978-3-95810-026-8<br \/>\neBook 5,99 EUR<br \/>\nCover- und Innengrafiken: Shikomo<br \/>\nCoverartwork: Shikomo<\/p>\n<p>Es gibt Personen, in die man sich besser nicht verliebt, wenn man auf ein beschauliches Leben mit gem\u00fctlichem Tod im eigenen Bett aus ist. Und es gibt angenehmere Wege seine Br\u00f6tchen zu Verdienen, als das st\u00e4ndig misstrauisch be\u00e4ugte Leben eines Magiers in Nosbador zu f\u00fchren.<\/p>\n<p>Dies ist die Geschichte vieler Schicksale, die unentwirrbar mit dem Leben eines jungen Mannes verwoben sind. In einer Welt voller Wunder und \u00fcberm\u00e4chtiger Feinde versucht er, den \u00dcberblick zu behalten und zu \u00fcberleben. Doch am Ende des Weges wird er erfahren m\u00fcssen, dass der Unterschied zwischen &#8220;gut&#8221; und &#8220;b\u00f6se&#8221; nur eine Frage der Perspektive ist und dass Monster nicht immer geboren, sondern viel h\u00e4ufiger gemacht werden.<\/p>\n<p>ELFENMOND ist der erste ver\u00f6ffentlichte Roman von Guido Krain und erscheint bei uns in einer neu lektorierten und illustrierten Ausgabe.<\/p>\n","protected":false},"excerpt":{"rendered":"<p>von Guido Krain Roman \u2013 Fantasy Print 544 Seiten \u2013 19,90 EUR ISBN: 978-3-95810-026-8 eBook 5,99 EUR Cover- und Innengrafiken: Shikomo Coverartwork: Shikomo Es gibt Personen, in die man sich besser nicht verliebt, wenn man auf ein beschauliches Leben mit gem\u00fctlichem Tod im eigenen Bett aus ist. Und es gibt angenehmere Wege seine Br\u00f6tchen zu [&hellip;]<\/p>\n","protected":false},"featured_media":1581,"comment_status":"open","ping_status":"closed","template":"","meta":[],"product_cat":[53],"product_tag":[],"_links":{"self":[{"href":"https:\/\/www.arunya-verlag.de\/index.php?rest_route=\/wp\/v2\/product\/1589"}],"collection":[{"href":"https:\/\/www.arunya-verlag.de\/index.php?rest_route=\/wp\/v2\/product"}],"about":[{"href":"https:\/\/www.arunya-verlag.de\/index.php?rest_route=\/wp\/v2\/types\/product"}],"replies":[{"embeddable":true,"href":"https:\/\/www.arunya-verlag.de\/index.php?rest_route=%2Fwp%2Fv2%2Fcomments&post=1589"}],"wp:featuredmedia":[{"embeddable":true,"href":"https:\/\/www.arunya-verlag.de\/index.php?rest_route=\/wp\/v2\/media\/1581"}],"wp:attachment":[{"href":"https:\/\/www.arunya-verlag.de\/index.php?rest_route=%2Fwp%2Fv2%2Fmedia&parent=1589"}],"wp:term":[{"taxonomy":"product_cat","embeddable":true,"href":"https:\/\/www.arunya-verlag.de\/index.php?rest_route=%2Fwp%2Fv2%2Fproduct_cat&post=1589"},{"taxonomy":"product_tag","embeddable":true,"href":"https:\/\/www.arunya-verlag.de\/index.php?rest_route=%2Fwp%2Fv2%2Fproduct_tag&post=1589"}],"curies":[{"name":"wp","href":"https:\/\/api.w.org\/{rel}","templated":true}]}}