{"id":1690,"date":"2018-09-03T04:00:10","date_gmt":"2018-09-03T02:00:10","guid":{"rendered":"https:\/\/www.arunya-verlag.de\/?post_type=product&#038;p=1690"},"modified":"2020-07-01T15:56:45","modified_gmt":"2020-07-01T13:56:45","slug":"special-interest","status":"publish","type":"product","link":"https:\/\/www.arunya-verlag.de\/?product=special-interest","title":{"rendered":"Special Interest"},"content":{"rendered":"<p>von Florian Hilleberg<\/p>\n<p>Roman &#8211; Dystopie\/Science Fiction<br \/>\nPrint 173 Seiten &#8211; 7,90 EUR\u00a0 eBook 3,99 EUR<br \/>\nISBN: 978-3-95810-023-7<br \/>\nCover- und Innengrafiken: Shikomo<br \/>\nCoverartwork: Shikomo<\/p>\n<p>Harleens Arsch steht immer in der ersten Reihe, wenn das Leben jemanden zum Reintreten sucht. Ganz unten angekommen hat sie sich damit eingerichtet, ihren K\u00f6rper an die Perversen und Verlorenen zu verkaufen. Sie scheint ein leichtes Ziel f\u00fcr all die Bonzen zu sein, die gerne mit Menschen spielen. Doch niemand ist gef\u00e4hrlicher als jemand, der nichts mehr zu verlieren hat.<\/p>\n","protected":false},"excerpt":{"rendered":"<p>Nur wer schmutziger als die Stra\u00dfe ist, kann auf ihr \u00fcberleben.<\/p>\n","protected":false},"featured_media":1691,"comment_status":"closed","ping_status":"closed","template":"","meta":[],"product_cat":[42,43],"product_tag":[],"_links":{"self":[{"href":"https:\/\/www.arunya-verlag.de\/index.php?rest_route=\/wp\/v2\/product\/1690"}],"collection":[{"href":"https:\/\/www.arunya-verlag.de\/index.php?rest_route=\/wp\/v2\/product"}],"about":[{"href":"https:\/\/www.arunya-verlag.de\/index.php?rest_route=\/wp\/v2\/types\/product"}],"replies":[{"embeddable":true,"href":"https:\/\/www.arunya-verlag.de\/index.php?rest_route=%2Fwp%2Fv2%2Fcomments&post=1690"}],"wp:featuredmedia":[{"embeddable":true,"href":"https:\/\/www.arunya-verlag.de\/index.php?rest_route=\/wp\/v2\/media\/1691"}],"wp:attachment":[{"href":"https:\/\/www.arunya-verlag.de\/index.php?rest_route=%2Fwp%2Fv2%2Fmedia&parent=1690"}],"wp:term":[{"taxonomy":"product_cat","embeddable":true,"href":"https:\/\/www.arunya-verlag.de\/index.php?rest_route=%2Fwp%2Fv2%2Fproduct_cat&post=1690"},{"taxonomy":"product_tag","embeddable":true,"href":"https:\/\/www.arunya-verlag.de\/index.php?rest_route=%2Fwp%2Fv2%2Fproduct_tag&post=1690"}],"curies":[{"name":"wp","href":"https:\/\/api.w.org\/{rel}","templated":true}]}}