{"id":1715,"date":"2018-09-18T11:44:04","date_gmt":"2018-09-18T09:44:04","guid":{"rendered":"https:\/\/www.arunya-verlag.de\/?post_type=product&#038;p=1715"},"modified":"2019-09-04T16:10:01","modified_gmt":"2019-09-04T14:10:01","slug":"neun-leben-achtzehn-krallen","status":"publish","type":"product","link":"https:\/\/www.arunya-verlag.de\/?product=neun-leben-achtzehn-krallen","title":{"rendered":"Neun Leben, achtzehn Krallen"},"content":{"rendered":"<p>von Andrea Weil<br \/>\nKatzen-Episodenroman<br \/>\nca 180 Seiten &#8211; 9,90 EUR<br \/>\nISBN: 978-3-95810-031-2<br \/>\nCover- und Innengrafiken: Peter Wall<\/p>\n<p>Tod liebt Katzen. Deshalb hat sie ihnen als einzigen Wesen neun Leben gegeben. Und die kann Mrri, der unz\u00e4hmbare Stra\u00dfenkater, auch brauchen. Er ist der Herrscher des Aikenwegs, bezirzt die halbe Nachbarschaft und ist vor der anderen H\u00e4lfte auf der Flucht, wenn er ihre Goldfischteiche leer angelt oder Bettlaken ruiniert. Weil ihn seine Familie einst aussetzte, hat er sich geschworen, nie wieder sein Herz an einen Menschen zu h\u00e4ngen. Ausgerechnet der grimmige Witwer Benno bringt diesen Entschluss ins Wanken. Doch dann taucht Tod wieder auf und verlangt ein weiteres Leben.<\/p>\n","protected":false},"excerpt":{"rendered":"<p>von Andrea Weil Katzen-Episodenroman ca 180 Seiten &#8211; 9,90 EUR ISBN: 978-3-95810-031-2 Cover- und Innengrafiken: Peter Wall Tod liebt Katzen. Deshalb hat sie ihnen als einzigen Wesen neun Leben gegeben. Und die kann Mrri, der unz\u00e4hmbare Stra\u00dfenkater, auch brauchen. Er ist der Herrscher des Aikenwegs, bezirzt die halbe Nachbarschaft und ist vor der anderen H\u00e4lfte [&hellip;]<\/p>\n","protected":false},"featured_media":1716,"comment_status":"closed","ping_status":"closed","template":"","meta":[],"product_cat":[80,75],"product_tag":[],"_links":{"self":[{"href":"https:\/\/www.arunya-verlag.de\/index.php?rest_route=\/wp\/v2\/product\/1715"}],"collection":[{"href":"https:\/\/www.arunya-verlag.de\/index.php?rest_route=\/wp\/v2\/product"}],"about":[{"href":"https:\/\/www.arunya-verlag.de\/index.php?rest_route=\/wp\/v2\/types\/product"}],"replies":[{"embeddable":true,"href":"https:\/\/www.arunya-verlag.de\/index.php?rest_route=%2Fwp%2Fv2%2Fcomments&post=1715"}],"wp:featuredmedia":[{"embeddable":true,"href":"https:\/\/www.arunya-verlag.de\/index.php?rest_route=\/wp\/v2\/media\/1716"}],"wp:attachment":[{"href":"https:\/\/www.arunya-verlag.de\/index.php?rest_route=%2Fwp%2Fv2%2Fmedia&parent=1715"}],"wp:term":[{"taxonomy":"product_cat","embeddable":true,"href":"https:\/\/www.arunya-verlag.de\/index.php?rest_route=%2Fwp%2Fv2%2Fproduct_cat&post=1715"},{"taxonomy":"product_tag","embeddable":true,"href":"https:\/\/www.arunya-verlag.de\/index.php?rest_route=%2Fwp%2Fv2%2Fproduct_tag&post=1715"}],"curies":[{"name":"wp","href":"https:\/\/api.w.org\/{rel}","templated":true}]}}