{"id":1781,"date":"2019-03-29T00:01:03","date_gmt":"2019-03-28T22:01:03","guid":{"rendered":"https:\/\/www.arunya-verlag.de\/?post_type=product&#038;p=1781"},"modified":"2021-08-31T00:06:32","modified_gmt":"2021-08-30T22:06:32","slug":"io-spielt-heute-nicht","status":"publish","type":"product","link":"https:\/\/www.arunya-verlag.de\/?product=io-spielt-heute-nicht","title":{"rendered":"Io spielt heute nicht"},"content":{"rendered":"<p>von Veronika Carver<\/p>\n<p>Roman &#8211; Dystopie\/Science Fiction<br \/>\nPrint 206 Seiten &#8211; 9,95 EUR<br \/>\nISBN: 978-3-95810-027-5<br \/>\nCover- und Innengrafiken: Shikomo<br \/>\nCoverartwork: Shikomo<\/p>\n<p>Io kann nichts daf\u00fcr. Sie ist nicht nur hochbegabt, sondern sieht auch noch wie Barbies niedlichere Schwester aus. Kein Wunder, dass jeder mit ihr spielen m\u00f6chte. Die Spiele korrupter Megakonzerne haben jedoch mehr mit Geld und harten Bandagen als mit Spa\u00df und Phantasie zu tun. Als sich die zierliche Blondine querstellt, erh\u00f6ht der Konzern den Einsatz.<\/p>\n<p>Io wird ein Spiel aus Gewalt, Sex und Perversion aufgezwungen. Umgeben von S\u00f6ldnern, Auftragsm\u00f6rdern, Psychopathen und Schwerverbrechern soll sie lernen, was es hei\u00dft, sich dem Willen der Bonzen zu widersetzen.<\/p>\n<p>Aber Io \u2013 Io spielt heute nicht.<\/p>\n","protected":false},"excerpt":{"rendered":"<p>von Veronika Carver Roman &#8211; Dystopie\/Science Fiction Print 206 Seiten &#8211; 9,95 EUR ISBN: 978-3-95810-027-5 Cover- und Innengrafiken: Shikomo Coverartwork: Shikomo Io kann nichts daf\u00fcr. Sie ist nicht nur hochbegabt, sondern sieht auch noch wie Barbies niedlichere Schwester aus. Kein Wunder, dass jeder mit ihr spielen m\u00f6chte. Die Spiele korrupter Megakonzerne haben jedoch mehr mit [&hellip;]<\/p>\n","protected":false},"featured_media":1782,"comment_status":"closed","ping_status":"closed","template":"","meta":[],"product_cat":[42,43],"product_tag":[],"_links":{"self":[{"href":"https:\/\/www.arunya-verlag.de\/index.php?rest_route=\/wp\/v2\/product\/1781"}],"collection":[{"href":"https:\/\/www.arunya-verlag.de\/index.php?rest_route=\/wp\/v2\/product"}],"about":[{"href":"https:\/\/www.arunya-verlag.de\/index.php?rest_route=\/wp\/v2\/types\/product"}],"replies":[{"embeddable":true,"href":"https:\/\/www.arunya-verlag.de\/index.php?rest_route=%2Fwp%2Fv2%2Fcomments&post=1781"}],"wp:featuredmedia":[{"embeddable":true,"href":"https:\/\/www.arunya-verlag.de\/index.php?rest_route=\/wp\/v2\/media\/1782"}],"wp:attachment":[{"href":"https:\/\/www.arunya-verlag.de\/index.php?rest_route=%2Fwp%2Fv2%2Fmedia&parent=1781"}],"wp:term":[{"taxonomy":"product_cat","embeddable":true,"href":"https:\/\/www.arunya-verlag.de\/index.php?rest_route=%2Fwp%2Fv2%2Fproduct_cat&post=1781"},{"taxonomy":"product_tag","embeddable":true,"href":"https:\/\/www.arunya-verlag.de\/index.php?rest_route=%2Fwp%2Fv2%2Fproduct_tag&post=1781"}],"curies":[{"name":"wp","href":"https:\/\/api.w.org\/{rel}","templated":true}]}}