{"id":2324,"date":"2020-08-09T20:01:20","date_gmt":"2020-08-09T18:01:20","guid":{"rendered":"https:\/\/www.arunya-verlag.de\/?post_type=product&#038;p=2324"},"modified":"2020-08-10T14:53:27","modified_gmt":"2020-08-10T12:53:27","slug":"die-zahnfee","status":"publish","type":"product","link":"https:\/\/www.arunya-verlag.de\/?product=die-zahnfee","title":{"rendered":"Die Zahnfee"},"content":{"rendered":"<p>von Guido Krain<\/p>\n<p>Roman \u2013 Krimi<br \/>\nPrint 218 Seiten \u2013 14,90 EUR<br \/>\nISBN: 978-3-95810-036-7<br \/>\neBook 4,99 EUR<br \/>\nCover- und Innengrafiken: Shikomo<br \/>\nCoverartwork: Shikomo<\/p>\n<p>Grauenvoll zugerichtete Leichen und die Verwicklung finsterer Kulte lassen die Hamburger Polizei am Rande des Okkulten ermitteln. Die Opfer stammen aus den h\u00f6chsten Kreisen der Gesellschaft und mit jeder weiteren Bluttat w\u00e4chst die Erkenntnis, dass man es entweder wirklich mit einem alten Fluch oder einer v\u00f6llig unbekannten Mordmethode zu tun hat.<br \/>\nKommissar Tycho Zander glaubt nicht an Magie. Schon gar nicht an Werw\u00f6lfe, die ihre Spuren auch mal mit Abflussreiniger verwischen. Doch dann kommt der Fall viel zu nahe an den hartgesottenen Polizisten heran und die Jagd wird pers\u00f6nlich. Die Frage ist nur, wer der J\u00e4ger und wer der Gejagte ist.<\/p>\n<p>&nbsp;<\/p>\n","protected":false},"excerpt":{"rendered":"<p>von Guido Krain Roman \u2013 Krimi Print 218 Seiten \u2013 14,90 EUR ISBN: 978-3-95810-036-7 eBook 4,99 EUR Cover- und Innengrafiken: Shikomo Coverartwork: Shikomo Grauenvoll zugerichtete Leichen und die Verwicklung finsterer Kulte lassen die Hamburger Polizei am Rande des Okkulten ermitteln. Die Opfer stammen aus den h\u00f6chsten Kreisen der Gesellschaft und mit jeder weiteren Bluttat w\u00e4chst [&hellip;]<\/p>\n","protected":false},"featured_media":2273,"comment_status":"closed","ping_status":"closed","template":"","meta":[],"product_cat":[80,76],"product_tag":[],"_links":{"self":[{"href":"https:\/\/www.arunya-verlag.de\/index.php?rest_route=\/wp\/v2\/product\/2324"}],"collection":[{"href":"https:\/\/www.arunya-verlag.de\/index.php?rest_route=\/wp\/v2\/product"}],"about":[{"href":"https:\/\/www.arunya-verlag.de\/index.php?rest_route=\/wp\/v2\/types\/product"}],"replies":[{"embeddable":true,"href":"https:\/\/www.arunya-verlag.de\/index.php?rest_route=%2Fwp%2Fv2%2Fcomments&post=2324"}],"wp:featuredmedia":[{"embeddable":true,"href":"https:\/\/www.arunya-verlag.de\/index.php?rest_route=\/wp\/v2\/media\/2273"}],"wp:attachment":[{"href":"https:\/\/www.arunya-verlag.de\/index.php?rest_route=%2Fwp%2Fv2%2Fmedia&parent=2324"}],"wp:term":[{"taxonomy":"product_cat","embeddable":true,"href":"https:\/\/www.arunya-verlag.de\/index.php?rest_route=%2Fwp%2Fv2%2Fproduct_cat&post=2324"},{"taxonomy":"product_tag","embeddable":true,"href":"https:\/\/www.arunya-verlag.de\/index.php?rest_route=%2Fwp%2Fv2%2Fproduct_tag&post=2324"}],"curies":[{"name":"wp","href":"https:\/\/api.w.org\/{rel}","templated":true}]}}